{"id":11,"date":"2024-09-04T10:19:39","date_gmt":"2024-09-04T10:19:39","guid":{"rendered":"https:\/\/www.everitas.online\/contact\/"},"modified":"2024-10-09T11:56:36","modified_gmt":"2024-10-09T11:56:36","slug":"contact","status":"publish","type":"page","link":"https:\/\/www.everitas.online\/sv\/contact\/","title":{"rendered":"Kontakt"},"content":{"rendered":"<div class=\"wp-block-group alignfull has-background-background-color has-background has-global-padding is-layout-constrained wp-container-core-group-is-layout-832022f9 wp-block-group-is-layout-constrained\" style=\"margin-top:0;margin-bottom:0;padding-top:0;padding-right:0;padding-bottom:0;padding-left:0\"><\/div>\n\n\n\n<div class=\"wp-block-group alignfull has-background-background-color has-background has-global-padding is-layout-constrained wp-container-core-group-is-layout-864ebe9b wp-block-group-is-layout-constrained\" style=\"margin-top:0;margin-bottom:0;padding-top:0;padding-right:0;padding-bottom:0;padding-left:0\">\n<div class=\"wp-block-cover alignfull\" style=\"padding-top:0;padding-right:var(--wp--preset--spacing--30);padding-bottom:0;padding-left:var(--wp--preset--spacing--30);min-height:320px;aspect-ratio:unset;\"><span aria-hidden=\"true\" class=\"wp-block-cover__background has-black-background-color has-background-dim\"><\/span><img loading=\"lazy\" decoding=\"async\" width=\"2560\" height=\"1440\" class=\"wp-block-cover__image-background wp-image-922\" alt=\"\" src=\"https:\/\/www.everitas.online\/wp-content\/uploads\/2024\/09\/carl-wang-OCe8cTGymSQ-unsplash_edit-scaled.jpg\" style=\"object-position:50% 0%\" data-object-fit=\"cover\" data-object-position=\"50% 0%\" srcset=\"https:\/\/www.everitas.online\/wp-content\/uploads\/2024\/09\/carl-wang-OCe8cTGymSQ-unsplash_edit-scaled.jpg 2560w, https:\/\/www.everitas.online\/wp-content\/uploads\/2024\/09\/carl-wang-OCe8cTGymSQ-unsplash_edit-300x169.jpg 300w, https:\/\/www.everitas.online\/wp-content\/uploads\/2024\/09\/carl-wang-OCe8cTGymSQ-unsplash_edit-1024x576.jpg 1024w, https:\/\/www.everitas.online\/wp-content\/uploads\/2024\/09\/carl-wang-OCe8cTGymSQ-unsplash_edit-768x432.jpg 768w, https:\/\/www.everitas.online\/wp-content\/uploads\/2024\/09\/carl-wang-OCe8cTGymSQ-unsplash_edit-1536x864.jpg 1536w, https:\/\/www.everitas.online\/wp-content\/uploads\/2024\/09\/carl-wang-OCe8cTGymSQ-unsplash_edit-2048x1152.jpg 2048w\" sizes=\"auto, (max-width: 2560px) 100vw, 2560px\" \/><div class=\"wp-block-cover__inner-container is-layout-flow wp-block-cover-is-layout-flow\">\n<div class=\"wp-block-group has-global-padding is-layout-constrained wp-block-group-is-layout-constrained\" style=\"padding-top:var(--wp--preset--spacing--60);padding-bottom:var(--wp--preset--spacing--60)\">\n<div class=\"wp-block-columns alignwide are-vertically-aligned-center is-layout-flex wp-container-core-columns-is-layout-947c9d80 wp-block-columns-is-layout-flex\">\n<div class=\"wp-block-column is-vertically-aligned-center is-layout-flow wp-block-column-is-layout-flow\">\n<h1 class=\"wp-block-heading has-text-color has-x-large-font-size\" style=\"color:#fffffffc\">Kontakt<\/h1>\n<\/div>\n\n\n\n<div class=\"wp-block-column is-vertically-aligned-center is-layout-flow wp-block-column-is-layout-flow\">\n<p class=\"has-text-color\" style=\"color:#fffffffc\">Kontakta v\u00e5ra specialister f\u00f6r en skr\u00e4ddarsydd konsultation.<\/p>\n<\/div>\n<\/div>\n<\/div>\n<\/div><\/div>\n<\/div>\n\n\n\n<div class=\"wp-block-group alignfull has-tertiary-background-color has-background has-global-padding is-layout-constrained wp-container-core-group-is-layout-7276a2bb wp-block-group-is-layout-constrained\" style=\"margin-top:0;margin-bottom:0;padding-top:var(--wp--preset--spacing--60);padding-right:var(--wp--preset--spacing--30);padding-bottom:var(--wp--preset--spacing--60);padding-left:var(--wp--preset--spacing--30)\">\n<div class=\"wp-block-group alignwide has-global-padding is-content-justification-left is-layout-constrained wp-container-core-group-is-layout-8b4c372c wp-block-group-is-layout-constrained\">\n<h2 class=\"wp-block-heading has-large-font-size\">Kontakta v\u00e5rt expertkonsultteam idag<\/h2>\n\n\n\n<p style=\"margin-top:var(--wp--preset--spacing--20);margin-right:0;margin-bottom:var(--wp--preset--spacing--20);margin-left:0\">V\u00e4rlden f\u00f6r\u00e4ndras snabbt med utmanande fr\u00e5gor och disruptiva aff\u00e4rsmodeller som kr\u00e4ver individuella anpassningar av m\u00e4nniskor och f\u00f6retag f\u00f6r att inte bli irrelevanta. V\u00e5r filosofi \u00e4r att praktisera och fr\u00e4mja evigt l\u00e4rande byggt p\u00e5 kunskap som f\u00f6rv\u00e4rvats genom innovativt vetenskapligt arbete. N\u00e4r du beh\u00f6ver kraften f\u00f6r att komma fram\u00e5t finns vi h\u00e4r f\u00f6r att hj\u00e4lpa dig.<\/p>\n\n\n\n<div class=\"wp-block-columns alignwide is-layout-flex wp-container-core-columns-is-layout-d0846407 wp-block-columns-is-layout-flex\">\n<div class=\"wp-block-column is-layout-flow wp-container-core-column-is-layout-10ec649b wp-block-column-is-layout-flow\" style=\"padding-top:var(--wp--preset--spacing--20);padding-bottom:var(--wp--preset--spacing--20)\">\n<p style=\"margin-top:0;margin-bottom:0\"><strong>Everitas AB<\/strong><\/p>\n\n\n\n<p style=\"margin-top:0;margin-bottom:0\">\u00d6ster M\u00e4larstrands All\u00e9 150<\/p>\n\n\n\n<p style=\"margin-top:0;margin-bottom:0\">723 56 V\u00e4ster\u00e5s<\/p>\n\n\n\n<p style=\"margin-top:0;margin-bottom:0\">SWEDEN<\/p>\n\n\n\n<p style=\"margin-top:var(--wp--preset--spacing--20);margin-right:0;margin-bottom:var(--wp--preset--spacing--20);margin-left:0;padding-right:0;padding-left:0\"><\/p>\n\n\n\n<div class=\"wp-block-group is-nowrap is-layout-flex wp-container-core-group-is-layout-fc054d2d wp-block-group-is-layout-flex\">\n<figure class=\"wp-block-image size-full is-resized\"><img loading=\"lazy\" decoding=\"async\" width=\"50\" height=\"50\" src=\"https:\/\/www.everitas.online\/wp-content\/uploads\/2024\/10\/image.png\" alt=\"\" class=\"wp-image-997\" style=\"width:auto;height:22px\"\/><\/figure>\n\n\n\n<p class=\"has-text-align-left\" style=\"margin-top:var(--wp--preset--spacing--20);margin-right:0;margin-bottom:var(--wp--preset--spacing--20);margin-left:0;padding-right:0;padding-left:0\"> +46 701 711 477<\/p>\n<\/div>\n\n\n\n<div class=\"wp-block-group is-nowrap is-layout-flex wp-container-core-group-is-layout-fc054d2d wp-block-group-is-layout-flex\">\n<figure class=\"wp-block-image size-full is-resized\"><img loading=\"lazy\" decoding=\"async\" width=\"81\" height=\"81\" src=\"https:\/\/www.everitas.online\/wp-content\/uploads\/2024\/10\/image-5.png\" alt=\"\" class=\"wp-image-1010\" style=\"width:auto;height:22px\"\/><\/figure>\n\n\n\n<p style=\"margin-top:var(--wp--preset--spacing--20);margin-right:0;margin-bottom:var(--wp--preset--spacing--20);margin-left:0;padding-right:0;padding-left:0\">info@everitas.se<\/p>\n<\/div>\n\n\n\n<div class=\"wp-block-group is-nowrap is-layout-flex wp-container-core-group-is-layout-fc054d2d wp-block-group-is-layout-flex\">\n<figure class=\"wp-block-image size-full is-resized\"><img loading=\"lazy\" decoding=\"async\" width=\"46\" height=\"46\" src=\"https:\/\/www.everitas.online\/wp-content\/uploads\/2024\/10\/image-2.png\" alt=\"\" class=\"wp-image-1000\" style=\"width:auto;height:22px\"\/><\/figure>\n\n\n\n<p style=\"margin-top:var(--wp--preset--spacing--20);margin-right:0;margin-bottom:var(--wp--preset--spacing--20);margin-left:0;padding-right:0;padding-left:0\"> 559464-8312<\/p>\n<\/div>\n\n\n\n<div class=\"wp-block-group is-nowrap is-layout-flex wp-container-core-group-is-layout-9e1c53c6 wp-block-group-is-layout-flex\" style=\"min-height:0px;margin-top:0;margin-bottom:0\">\n<figure class=\"wp-block-image size-full is-resized\"><img loading=\"lazy\" decoding=\"async\" width=\"43\" height=\"43\" src=\"https:\/\/www.everitas.online\/wp-content\/uploads\/2024\/10\/image-3.png\" alt=\"\" class=\"wp-image-1001\" style=\"width:auto;height:22px\"\/><\/figure>\n\n\n\n<p style=\"margin-top:var(--wp--preset--spacing--20);margin-right:0;margin-bottom:var(--wp--preset--spacing--20);margin-left:0;padding-right:0;padding-left:0\"> www.everitas.online\/sv\/<\/p>\n<\/div>\n<\/div>\n\n\n\n<div class=\"wp-block-column is-layout-flow wp-block-column-is-layout-flow\">\n<figure class=\"wp-block-image aligncenter size-large is-resized is-style-rounded\"><img loading=\"lazy\" decoding=\"async\" width=\"1024\" height=\"1024\" src=\"https:\/\/www.everitas.online\/wp-content\/uploads\/2024\/09\/Freddy-Gyllensten_24153-028_edit_Q-3-1024x1024.jpg\" alt=\"\" class=\"wp-image-887\" style=\"object-fit:cover;width:237px;height:auto\" srcset=\"https:\/\/www.everitas.online\/wp-content\/uploads\/2024\/09\/Freddy-Gyllensten_24153-028_edit_Q-3-1024x1024.jpg 1024w, https:\/\/www.everitas.online\/wp-content\/uploads\/2024\/09\/Freddy-Gyllensten_24153-028_edit_Q-3-300x300.jpg 300w, https:\/\/www.everitas.online\/wp-content\/uploads\/2024\/09\/Freddy-Gyllensten_24153-028_edit_Q-3-150x150.jpg 150w, https:\/\/www.everitas.online\/wp-content\/uploads\/2024\/09\/Freddy-Gyllensten_24153-028_edit_Q-3-768x768.jpg 768w, https:\/\/www.everitas.online\/wp-content\/uploads\/2024\/09\/Freddy-Gyllensten_24153-028_edit_Q-3.jpg 1213w\" sizes=\"auto, (max-width: 1024px) 100vw, 1024px\" \/><\/figure>\n\n\n\n<h4 class=\"wp-block-heading has-text-align-center\" style=\"margin-top:20px;font-size:clamp(14px, 0.875rem + ((1vw - 3.2px) * 0.625), 20px);\">freddy gyllensten<\/h4>\n\n\n\n<p class=\"has-text-align-center has-primary-color has-text-color has-small-font-size\" style=\"margin-top:4px\">Ordf\u00f6rande<\/p>\n\n\n\n<ul class=\"wp-block-social-links has-small-icon-size has-icon-color is-style-logos-only is-content-justification-center is-layout-flex wp-container-core-social-links-is-layout-ce9397e5 wp-block-social-links-is-layout-flex\" style=\"margin-top:24px\"><li style=\"color:#0B0620;\" class=\"wp-social-link wp-social-link-linkedin has-foreground-color wp-block-social-link\"><a href=\"https:\/\/www.linkedin.com\/in\/freddy-gyllensten-58a45099\" class=\"wp-block-social-link-anchor\"><svg width=\"24\" height=\"24\" viewbox=\"0 0 24 24\" version=\"1.1\" xmlns=\"http:\/\/www.w3.org\/2000\/svg\" aria-hidden=\"true\" focusable=\"false\"><path d=\"M19.7,3H4.3C3.582,3,3,3.582,3,4.3v15.4C3,20.418,3.582,21,4.3,21h15.4c0.718,0,1.3-0.582,1.3-1.3V4.3 C21,3.582,20.418,3,19.7,3z M8.339,18.338H5.667v-8.59h2.672V18.338z M7.004,8.574c-0.857,0-1.549-0.694-1.549-1.548 c0-0.855,0.691-1.548,1.549-1.548c0.854,0,1.547,0.694,1.547,1.548C8.551,7.881,7.858,8.574,7.004,8.574z M18.339,18.338h-2.669 v-4.177c0-0.996-0.017-2.278-1.387-2.278c-1.389,0-1.601,1.086-1.601,2.206v4.249h-2.667v-8.59h2.559v1.174h0.037 c0.356-0.675,1.227-1.387,2.526-1.387c2.703,0,3.203,1.779,3.203,4.092V18.338z\"><\/path><\/svg><span class=\"wp-block-social-link-label screen-reader-text\">LinkedIn<\/span><\/a><\/li><\/ul>\n<\/div>\n<\/div>\n<\/div>\n<\/div>","protected":false},"excerpt":{"rendered":"<p>Connect with Our Expert Consulting Team Today The world is changing fast with challenging issues and disruptive business models that require individual adaptations of people and companies for not becoming irrelevant. Our philosophy is to practice and promote everlasting learning built on knowledge acquired by innovative scientific work. When you need the power to get [&hellip;]<\/p>","protected":false},"author":1,"featured_media":0,"parent":0,"menu_order":0,"comment_status":"closed","ping_status":"closed","template":"no-title-sticky-header","meta":{"_monsterinsights_skip_tracking":false,"_monsterinsights_sitenote_active":false,"_monsterinsights_sitenote_note":"","_monsterinsights_sitenote_category":0,"footnotes":""},"class_list":["post-11","page","type-page","status-publish","hentry"],"aioseo_notices":[],"_links":{"self":[{"href":"https:\/\/www.everitas.online\/sv\/wp-json\/wp\/v2\/pages\/11","targetHints":{"allow":["GET"]}}],"collection":[{"href":"https:\/\/www.everitas.online\/sv\/wp-json\/wp\/v2\/pages"}],"about":[{"href":"https:\/\/www.everitas.online\/sv\/wp-json\/wp\/v2\/types\/page"}],"author":[{"embeddable":true,"href":"https:\/\/www.everitas.online\/sv\/wp-json\/wp\/v2\/users\/1"}],"replies":[{"embeddable":true,"href":"https:\/\/www.everitas.online\/sv\/wp-json\/wp\/v2\/comments?post=11"}],"version-history":[{"count":52,"href":"https:\/\/www.everitas.online\/sv\/wp-json\/wp\/v2\/pages\/11\/revisions"}],"predecessor-version":[{"id":1065,"href":"https:\/\/www.everitas.online\/sv\/wp-json\/wp\/v2\/pages\/11\/revisions\/1065"}],"wp:attachment":[{"href":"https:\/\/www.everitas.online\/sv\/wp-json\/wp\/v2\/media?parent=11"}],"curies":[{"name":"wp","href":"https:\/\/api.w.org\/{rel}","templated":true}]}}