{"id":13,"date":"2024-09-04T10:19:39","date_gmt":"2024-09-04T10:19:39","guid":{"rendered":"https:\/\/www.everitas.online\/home\/"},"modified":"2024-09-27T08:41:38","modified_gmt":"2024-09-27T08:41:38","slug":"home","status":"publish","type":"page","link":"https:\/\/www.everitas.online\/sv\/","title":{"rendered":"Home"},"content":{"rendered":"<div class=\"wp-block-group alignfull has-background-background-color has-background has-global-padding is-layout-constrained wp-container-core-group-is-layout-5bb00255 wp-block-group-is-layout-constrained\" style=\"margin-top:0;margin-bottom:0;padding-top:0px;padding-right:0px;padding-bottom:0;padding-left:0px\">\n<div class=\"wp-block-cover alignfull has-custom-content-position is-position-bottom-center\" style=\"min-height:782px;aspect-ratio:unset;\"><span aria-hidden=\"true\" class=\"wp-block-cover__background has-background-dim-0 has-background-dim\" style=\"background-color:#86747a\"><\/span><img loading=\"lazy\" decoding=\"async\" width=\"2560\" height=\"1094\" class=\"wp-block-cover__image-background wp-image-40\" alt=\"\" src=\"https:\/\/www.everitas.online\/wp-content\/uploads\/2024\/09\/raphael-andres-3cwvFD-YPtk-unsplash_edit-1-scaled.jpg\" data-object-fit=\"cover\" srcset=\"https:\/\/www.everitas.online\/wp-content\/uploads\/2024\/09\/raphael-andres-3cwvFD-YPtk-unsplash_edit-1-scaled.jpg 2560w, https:\/\/www.everitas.online\/wp-content\/uploads\/2024\/09\/raphael-andres-3cwvFD-YPtk-unsplash_edit-1-300x128.jpg 300w, https:\/\/www.everitas.online\/wp-content\/uploads\/2024\/09\/raphael-andres-3cwvFD-YPtk-unsplash_edit-1-1024x437.jpg 1024w, https:\/\/www.everitas.online\/wp-content\/uploads\/2024\/09\/raphael-andres-3cwvFD-YPtk-unsplash_edit-1-768x328.jpg 768w, https:\/\/www.everitas.online\/wp-content\/uploads\/2024\/09\/raphael-andres-3cwvFD-YPtk-unsplash_edit-1-1536x656.jpg 1536w, https:\/\/www.everitas.online\/wp-content\/uploads\/2024\/09\/raphael-andres-3cwvFD-YPtk-unsplash_edit-1-2048x875.jpg 2048w\" sizes=\"auto, (max-width: 2560px) 100vw, 2560px\" \/><div class=\"wp-block-cover__inner-container is-layout-flow wp-block-cover-is-layout-flow\">\n<p class=\"has-text-align-center has-xx-large-font-size\" style=\"font-style:normal;font-weight:700\"><strong>EVERITAS<\/strong><\/p>\n\n\n\n<p class=\"has-text-align-center has-large-font-size\"><em>Konsulttj\u00e4nster inom Ledarskap och Teknik<\/em><\/p>\n\n\n\n<p><\/p>\n<\/div><\/div>\n\n\n\n<div class=\"wp-block-group alignwide has-global-padding is-content-justification-center is-layout-constrained wp-container-core-group-is-layout-f6e228b4 wp-block-group-is-layout-constrained\" style=\"margin-top:0;margin-bottom:0;padding-top:var(--wp--preset--spacing--60);padding-right:var(--wp--preset--spacing--30);padding-bottom:var(--wp--preset--spacing--60);padding-left:var(--wp--preset--spacing--30)\">\n<p class=\"has-text-align-left\">Everitas AB \u00e4r ett svenskt ledarskaps- och teknikkonsultf\u00f6retag som samarbetar med nordiska pionj\u00e4rer och internationella ledare inom h\u00e5llbart f\u00f6retagande.<\/p>\n\n\n\n<p class=\"has-text-align-left\" style=\"margin-top:16px\">V\u00e5r holistiska insikt och samarbetsmodell skapar en solid grund f\u00f6r v\u00e5rt m\u00e5l att st\u00f6dja v\u00e5ra kunder att avancera med smarta m\u00f6jligheter och hj\u00e4lpa dem att bygga framg\u00e5ng med mindre energi. Vi erbjuder tj\u00e4nster inom omr\u00e5den som ledarskap, teknisk produktutveckling, standardisering, innovation och energir\u00e5dgivning.<\/p>\n\n\n\n<p class=\"has-text-align-left\" style=\"margin-top:16px\">Vi lovar att vi kommer att g\u00f6ra v\u00e5rt b\u00e4sta f\u00f6r att ta reda p\u00e5 v\u00e5ra kunders behov, uppr\u00e4tta \u00f6verenskommelser om v\u00e4rdeerbjudanden och tillhandah\u00e5lla r\u00e4tt produkter som kommer att tillfredsst\u00e4lla dessa behov. Vi tror att vi genom att vara \u00e4rliga, respektfulla och skickliga, p\u00e5 ett transparent s\u00e4tt kan identifiera verkliga problem, proaktivt hantera risker och effektivt l\u00f6sa utmaningar med ett st\u00e4ndigt v\u00e4xande f\u00f6rtroende.<\/p>\n\n\n\n<div class=\"wp-block-buttons is-content-justification-center is-layout-flex wp-container-core-buttons-is-layout-a89b3969 wp-block-buttons-is-layout-flex\">\n<div class=\"wp-block-button is-style-outline is-style-outline--1\"><a class=\"wp-block-button__link wp-element-button\" href=\"https:\/\/www.everitas.online\/sv\/about\/\">Utforska Mer<\/a><\/div>\n<\/div>\n<\/div>\n<\/div>\n\n\n\n<div class=\"wp-block-group alignfull is-nowrap is-layout-flex wp-container-core-group-is-layout-981399b5 wp-block-group-is-layout-flex\" style=\"margin-top:0;margin-bottom:0;padding-top:0;padding-right:0;padding-bottom:0;padding-left:0\">\n<figure class=\"wp-block-image size-large\"><img loading=\"lazy\" decoding=\"async\" width=\"1024\" height=\"768\" src=\"https:\/\/www.everitas.online\/wp-content\/uploads\/2024\/09\/joshi-milestoner-BhL_d7tt6ec-unsplash_edit_4-3_B-3-1024x768.jpg\" alt=\"\" class=\"wp-image-568\" srcset=\"https:\/\/www.everitas.online\/wp-content\/uploads\/2024\/09\/joshi-milestoner-BhL_d7tt6ec-unsplash_edit_4-3_B-3-1024x768.jpg 1024w, https:\/\/www.everitas.online\/wp-content\/uploads\/2024\/09\/joshi-milestoner-BhL_d7tt6ec-unsplash_edit_4-3_B-3-300x225.jpg 300w, https:\/\/www.everitas.online\/wp-content\/uploads\/2024\/09\/joshi-milestoner-BhL_d7tt6ec-unsplash_edit_4-3_B-3-768x576.jpg 768w, https:\/\/www.everitas.online\/wp-content\/uploads\/2024\/09\/joshi-milestoner-BhL_d7tt6ec-unsplash_edit_4-3_B-3-1536x1152.jpg 1536w, https:\/\/www.everitas.online\/wp-content\/uploads\/2024\/09\/joshi-milestoner-BhL_d7tt6ec-unsplash_edit_4-3_B-3-2048x1536.jpg 2048w\" sizes=\"auto, (max-width: 1024px) 100vw, 1024px\" \/><\/figure>\n\n\n\n<figure class=\"wp-block-image size-large\"><img loading=\"lazy\" decoding=\"async\" width=\"1024\" height=\"768\" src=\"https:\/\/www.everitas.online\/wp-content\/uploads\/2024\/09\/tapio-haaja-bpDJvls-h-0-unsplash_edit_4-3-1024x768.jpg\" alt=\"\" class=\"wp-image-556\" srcset=\"https:\/\/www.everitas.online\/wp-content\/uploads\/2024\/09\/tapio-haaja-bpDJvls-h-0-unsplash_edit_4-3-1024x768.jpg 1024w, https:\/\/www.everitas.online\/wp-content\/uploads\/2024\/09\/tapio-haaja-bpDJvls-h-0-unsplash_edit_4-3-300x225.jpg 300w, https:\/\/www.everitas.online\/wp-content\/uploads\/2024\/09\/tapio-haaja-bpDJvls-h-0-unsplash_edit_4-3-768x576.jpg 768w, https:\/\/www.everitas.online\/wp-content\/uploads\/2024\/09\/tapio-haaja-bpDJvls-h-0-unsplash_edit_4-3-1536x1152.jpg 1536w, https:\/\/www.everitas.online\/wp-content\/uploads\/2024\/09\/tapio-haaja-bpDJvls-h-0-unsplash_edit_4-3-2048x1536.jpg 2048w\" sizes=\"auto, (max-width: 1024px) 100vw, 1024px\" \/><\/figure>\n\n\n\n<figure class=\"wp-block-image size-large\"><img loading=\"lazy\" decoding=\"async\" width=\"1024\" height=\"768\" src=\"https:\/\/www.everitas.online\/wp-content\/uploads\/2024\/09\/oliver-cole-aS3ftVZLrVI-unsplash_edit_4-3-1024x768.jpg\" alt=\"\" class=\"wp-image-557\" srcset=\"https:\/\/www.everitas.online\/wp-content\/uploads\/2024\/09\/oliver-cole-aS3ftVZLrVI-unsplash_edit_4-3-1024x768.jpg 1024w, https:\/\/www.everitas.online\/wp-content\/uploads\/2024\/09\/oliver-cole-aS3ftVZLrVI-unsplash_edit_4-3-300x225.jpg 300w, https:\/\/www.everitas.online\/wp-content\/uploads\/2024\/09\/oliver-cole-aS3ftVZLrVI-unsplash_edit_4-3-768x576.jpg 768w, https:\/\/www.everitas.online\/wp-content\/uploads\/2024\/09\/oliver-cole-aS3ftVZLrVI-unsplash_edit_4-3-1536x1152.jpg 1536w, https:\/\/www.everitas.online\/wp-content\/uploads\/2024\/09\/oliver-cole-aS3ftVZLrVI-unsplash_edit_4-3-2048x1536.jpg 2048w\" sizes=\"auto, (max-width: 1024px) 100vw, 1024px\" \/><\/figure>\n\n\n\n<figure class=\"wp-block-image size-large\"><img loading=\"lazy\" decoding=\"async\" width=\"1024\" height=\"768\" src=\"https:\/\/www.everitas.online\/wp-content\/uploads\/2024\/09\/patrick-federi-q_uv7YoDPAg-unsplash_edit_4-3-1024x768.jpg\" alt=\"\" class=\"wp-image-558\" srcset=\"https:\/\/www.everitas.online\/wp-content\/uploads\/2024\/09\/patrick-federi-q_uv7YoDPAg-unsplash_edit_4-3-1024x768.jpg 1024w, https:\/\/www.everitas.online\/wp-content\/uploads\/2024\/09\/patrick-federi-q_uv7YoDPAg-unsplash_edit_4-3-300x225.jpg 300w, https:\/\/www.everitas.online\/wp-content\/uploads\/2024\/09\/patrick-federi-q_uv7YoDPAg-unsplash_edit_4-3-768x576.jpg 768w, https:\/\/www.everitas.online\/wp-content\/uploads\/2024\/09\/patrick-federi-q_uv7YoDPAg-unsplash_edit_4-3-1536x1152.jpg 1536w, https:\/\/www.everitas.online\/wp-content\/uploads\/2024\/09\/patrick-federi-q_uv7YoDPAg-unsplash_edit_4-3-2048x1536.jpg 2048w\" sizes=\"auto, (max-width: 1024px) 100vw, 1024px\" \/><\/figure>\n\n\n\n<p><\/p>\n<\/div>","protected":false},"excerpt":{"rendered":"<p>Everitas AB is a Swedish leadership and technology consulting company that partners with Nordic pioneers and international leaders in sustainable business. Our holistic insight and collaborative work model create a solid foundation for our goal of supporting our clients to advance on smart opportunities and enable them to accomplish powerful results with less energy. We [&hellip;]<\/p>","protected":false},"author":1,"featured_media":0,"parent":0,"menu_order":0,"comment_status":"closed","ping_status":"closed","template":"no-title-sticky-header","meta":{"_monsterinsights_skip_tracking":false,"_monsterinsights_sitenote_active":false,"_monsterinsights_sitenote_note":"","_monsterinsights_sitenote_category":0,"footnotes":""},"class_list":["post-13","page","type-page","status-publish","hentry"],"aioseo_notices":[],"_links":{"self":[{"href":"https:\/\/www.everitas.online\/sv\/wp-json\/wp\/v2\/pages\/13","targetHints":{"allow":["GET"]}}],"collection":[{"href":"https:\/\/www.everitas.online\/sv\/wp-json\/wp\/v2\/pages"}],"about":[{"href":"https:\/\/www.everitas.online\/sv\/wp-json\/wp\/v2\/types\/page"}],"author":[{"embeddable":true,"href":"https:\/\/www.everitas.online\/sv\/wp-json\/wp\/v2\/users\/1"}],"replies":[{"embeddable":true,"href":"https:\/\/www.everitas.online\/sv\/wp-json\/wp\/v2\/comments?post=13"}],"version-history":[{"count":39,"href":"https:\/\/www.everitas.online\/sv\/wp-json\/wp\/v2\/pages\/13\/revisions"}],"predecessor-version":[{"id":801,"href":"https:\/\/www.everitas.online\/sv\/wp-json\/wp\/v2\/pages\/13\/revisions\/801"}],"wp:attachment":[{"href":"https:\/\/www.everitas.online\/sv\/wp-json\/wp\/v2\/media?parent=13"}],"curies":[{"name":"wp","href":"https:\/\/api.w.org\/{rel}","templated":true}]}}