{"id":94,"date":"2024-09-11T10:45:22","date_gmt":"2024-09-11T10:45:22","guid":{"rendered":"https:\/\/www.everitas.online\/?page_id=94"},"modified":"2024-10-09T11:53:09","modified_gmt":"2024-10-09T11:53:09","slug":"career","status":"publish","type":"page","link":"https:\/\/www.everitas.online\/sv\/career\/","title":{"rendered":"Karri\u00e4r"},"content":{"rendered":"<p><\/p>\n\n\n\n<div class=\"wp-block-group alignfull has-background-background-color has-background has-global-padding is-layout-constrained wp-container-core-group-is-layout-864ebe9b wp-block-group-is-layout-constrained\" style=\"margin-top:0;margin-bottom:0;padding-top:0;padding-right:0;padding-bottom:0;padding-left:0\">\n<div class=\"wp-block-cover alignfull\" style=\"margin-top:0;margin-bottom:0;padding-top:0;padding-right:var(--wp--preset--spacing--30);padding-bottom:0;padding-left:var(--wp--preset--spacing--30);min-height:320px;aspect-ratio:unset;\"><span aria-hidden=\"true\" class=\"wp-block-cover__background has-black-background-color has-background-dim\"><\/span><img loading=\"lazy\" decoding=\"async\" width=\"2560\" height=\"1280\" class=\"wp-block-cover__image-background wp-image-727\" alt=\"\" src=\"https:\/\/www.everitas.online\/wp-content\/uploads\/2024\/09\/manuel-meurisse-QoPhdj-5ojo-unsplash_edit_2-1-scaled.jpg\" style=\"object-position:50% 44%\" data-object-fit=\"cover\" data-object-position=\"50% 44%\" srcset=\"https:\/\/www.everitas.online\/wp-content\/uploads\/2024\/09\/manuel-meurisse-QoPhdj-5ojo-unsplash_edit_2-1-scaled.jpg 2560w, https:\/\/www.everitas.online\/wp-content\/uploads\/2024\/09\/manuel-meurisse-QoPhdj-5ojo-unsplash_edit_2-1-300x150.jpg 300w, https:\/\/www.everitas.online\/wp-content\/uploads\/2024\/09\/manuel-meurisse-QoPhdj-5ojo-unsplash_edit_2-1-1024x512.jpg 1024w, https:\/\/www.everitas.online\/wp-content\/uploads\/2024\/09\/manuel-meurisse-QoPhdj-5ojo-unsplash_edit_2-1-768x384.jpg 768w, https:\/\/www.everitas.online\/wp-content\/uploads\/2024\/09\/manuel-meurisse-QoPhdj-5ojo-unsplash_edit_2-1-1536x768.jpg 1536w, https:\/\/www.everitas.online\/wp-content\/uploads\/2024\/09\/manuel-meurisse-QoPhdj-5ojo-unsplash_edit_2-1-2048x1024.jpg 2048w\" sizes=\"auto, (max-width: 2560px) 100vw, 2560px\" \/><div class=\"wp-block-cover__inner-container is-layout-flow wp-block-cover-is-layout-flow\">\n<div class=\"wp-block-group has-global-padding is-layout-constrained wp-block-group-is-layout-constrained\" style=\"padding-top:var(--wp--preset--spacing--60);padding-bottom:var(--wp--preset--spacing--60)\">\n<div class=\"wp-block-columns alignwide are-vertically-aligned-center is-layout-flex wp-container-core-columns-is-layout-947c9d80 wp-block-columns-is-layout-flex\">\n<div class=\"wp-block-column is-vertically-aligned-center is-layout-flow wp-block-column-is-layout-flow\">\n<h1 class=\"wp-block-heading has-text-color has-x-large-font-size\" style=\"color:#fffffffc\">Karri\u00e4r<\/h1>\n<\/div>\n\n\n\n<div class=\"wp-block-column is-vertically-aligned-center is-layout-flow wp-block-column-is-layout-flow\">\n<p class=\"has-text-color\" style=\"color:#fffffffc\">Din resa till storhet b\u00f6rjar h\u00e4r.<\/p>\n<\/div>\n<\/div>\n<\/div>\n<\/div><\/div>\n<\/div>\n\n\n\n<div class=\"wp-block-group alignfull has-background-background-color has-background has-global-padding is-layout-constrained wp-container-core-group-is-layout-832022f9 wp-block-group-is-layout-constrained\" style=\"margin-top:0;margin-bottom:0;padding-top:0;padding-right:0;padding-bottom:0;padding-left:0\">\n<div class=\"wp-block-cover alignfull is-light\" style=\"min-height:80px;aspect-ratio:unset;\"><span aria-hidden=\"true\" class=\"wp-block-cover__background has-background-dim-0 has-background-dim\" style=\"background-color:#a2a5a8\"><\/span><img loading=\"lazy\" decoding=\"async\" width=\"2560\" height=\"1948\" class=\"wp-block-cover__image-background wp-image-870\" alt=\"\" src=\"https:\/\/www.everitas.online\/wp-content\/uploads\/2024\/09\/ian-schneider-TamMbr4okv4-unsplash_edit-1-scaled.jpg\" style=\"object-position:50% 5%\" data-object-fit=\"cover\" data-object-position=\"50% 5%\" srcset=\"https:\/\/www.everitas.online\/wp-content\/uploads\/2024\/09\/ian-schneider-TamMbr4okv4-unsplash_edit-1-scaled.jpg 2560w, https:\/\/www.everitas.online\/wp-content\/uploads\/2024\/09\/ian-schneider-TamMbr4okv4-unsplash_edit-1-300x228.jpg 300w, https:\/\/www.everitas.online\/wp-content\/uploads\/2024\/09\/ian-schneider-TamMbr4okv4-unsplash_edit-1-1024x779.jpg 1024w, https:\/\/www.everitas.online\/wp-content\/uploads\/2024\/09\/ian-schneider-TamMbr4okv4-unsplash_edit-1-768x584.jpg 768w, https:\/\/www.everitas.online\/wp-content\/uploads\/2024\/09\/ian-schneider-TamMbr4okv4-unsplash_edit-1-1536x1169.jpg 1536w, https:\/\/www.everitas.online\/wp-content\/uploads\/2024\/09\/ian-schneider-TamMbr4okv4-unsplash_edit-1-2048x1559.jpg 2048w\" sizes=\"auto, (max-width: 2560px) 100vw, 2560px\" \/><div class=\"wp-block-cover__inner-container is-layout-flow wp-block-cover-is-layout-flow\">\n<div class=\"wp-block-group has-global-padding is-content-justification-center is-layout-constrained wp-block-group-is-layout-constrained\" style=\"padding-top:var(--wp--preset--spacing--80);padding-bottom:var(--wp--preset--spacing--80)\">\n<div class=\"wp-block-group alignwide has-global-padding is-content-justification-left is-layout-constrained wp-container-core-group-is-layout-adab5277 wp-block-group-is-layout-constrained\" style=\"padding-top:0;padding-right:0;padding-bottom:0;padding-left:0\">\n<div class=\"wp-block-group has-background-background-color has-background has-global-padding is-content-justification-left is-layout-constrained wp-container-core-group-is-layout-79293495 wp-block-group-is-layout-constrained\" style=\"border-radius:2px;padding-top:var(--wp--preset--spacing--40);padding-right:var(--wp--preset--spacing--40);padding-bottom:var(--wp--preset--spacing--40);padding-left:var(--wp--preset--spacing--40)\">\n<h1 class=\"wp-block-heading has-foreground-color has-text-color has-x-large-font-size\">Sl\u00e4pp loss din potential<\/h1>\n\n\n\n<p class=\"has-foreground-color has-text-color\" style=\"margin-top:16px\">Everitas har en h\u00e5llbar f\u00f6retagsutvecklingsstrategi baserad p\u00e5 organisk tillv\u00e4xt som uppn\u00e5s genom framg\u00e5ngsrikt samarbete med ledande kunder och partners vilket resulterar i merv\u00e4rden och berikade aff\u00e4rer. <\/p>\n\n\n\n<p class=\"has-foreground-color has-text-color\" style=\"margin-top:16px\">Everitas nyckeltillg\u00e5ngar \u00e4r v\u00e5ra kompetenta personer med holistiska insikter och engagemang f\u00f6r de totala leveranserna av v\u00e5ra tj\u00e4nster. Framst\u00e5ende resultat uppn\u00e5s genom att ge m\u00e4nniskor m\u00f6jlighet att frodas genom att sl\u00e4ppa l\u00f6s styrkorna hos varje kollega som bidrar i \u00f6verfl\u00f6d till det f\u00f6rst\u00e4rkta lagarbetet.<\/p>\n\n\n\n<p class=\"has-foreground-color has-text-color\" style=\"margin-top:16px\">Om du \u00e4r ett talangfullt proffs, som brinner f\u00f6r att g\u00f6ra en verklig skillnad f\u00f6r en b\u00e4ttre v\u00e4rld och vill \u00f6verv\u00e4ga en karri\u00e4rm\u00f6jlighet p\u00e5 Everitas, n\u00e4rhelst en relevant tj\u00e4nst blir \u00f6ppen, \u00e4r du hj\u00e4rtligt v\u00e4lkommen att skicka in ditt CV och ett personligt brev.<\/p>\n\n\n\n<div class=\"wp-block-buttons is-content-justification-center is-layout-flex wp-container-core-buttons-is-layout-9165764d wp-block-buttons-is-layout-flex\" style=\"margin-top:var(--wp--preset--spacing--30)\">\n<div class=\"wp-block-button\"><a class=\"wp-block-button__link wp-element-button\" href=\"https:\/\/www.everitas.online\/sv\/contact\/\" style=\"padding-right:var(--wp--preset--spacing--30);padding-left:var(--wp--preset--spacing--30)\">Kontakt<\/a><\/div>\n<\/div>\n<\/div>\n<\/div>\n<\/div>\n<\/div><\/div>\n<\/div>","protected":false},"excerpt":{"rendered":"","protected":false},"author":1,"featured_media":0,"parent":0,"menu_order":0,"comment_status":"closed","ping_status":"closed","template":"no-title-sticky-header","meta":{"_monsterinsights_skip_tracking":false,"_monsterinsights_sitenote_active":false,"_monsterinsights_sitenote_note":"","_monsterinsights_sitenote_category":0,"footnotes":""},"class_list":["post-94","page","type-page","status-publish","hentry"],"aioseo_notices":[],"_links":{"self":[{"href":"https:\/\/www.everitas.online\/sv\/wp-json\/wp\/v2\/pages\/94","targetHints":{"allow":["GET"]}}],"collection":[{"href":"https:\/\/www.everitas.online\/sv\/wp-json\/wp\/v2\/pages"}],"about":[{"href":"https:\/\/www.everitas.online\/sv\/wp-json\/wp\/v2\/types\/page"}],"author":[{"embeddable":true,"href":"https:\/\/www.everitas.online\/sv\/wp-json\/wp\/v2\/users\/1"}],"replies":[{"embeddable":true,"href":"https:\/\/www.everitas.online\/sv\/wp-json\/wp\/v2\/comments?post=94"}],"version-history":[{"count":23,"href":"https:\/\/www.everitas.online\/sv\/wp-json\/wp\/v2\/pages\/94\/revisions"}],"predecessor-version":[{"id":1064,"href":"https:\/\/www.everitas.online\/sv\/wp-json\/wp\/v2\/pages\/94\/revisions\/1064"}],"wp:attachment":[{"href":"https:\/\/www.everitas.online\/sv\/wp-json\/wp\/v2\/media?parent=94"}],"curies":[{"name":"wp","href":"https:\/\/api.w.org\/{rel}","templated":true}]}}